{"id":14,"date":"2024-08-21T01:17:49","date_gmt":"2024-08-21T04:17:49","guid":{"rendered":"https:\/\/saef.uea.edu.br\/?page_id=14"},"modified":"2024-08-23T16:54:58","modified_gmt":"2024-08-23T19:54:58","slug":"certificados","status":"publish","type":"page","link":"https:\/\/saef.uea.edu.br\/index.php\/certificados\/","title":{"rendered":"Certificados"},"content":{"rendered":"\n<p>Abaixo seguem os certificados das 3 \u00faltimas edi\u00e7\u00f5es do evento. Para certificados de edi\u00e7\u00f5es anteriores, entre em contato conosco clicando em Suporte.<\/p>\n\n\n\n<p class=\"has-large-font-size\" style=\"font-style:normal;font-weight:500;line-height:0\">Edi\u00e7\u00e3o 2021<\/p>\n\n\n\n<div class=\"wp-block-file\" style=\"margin-top:var(--wp--preset--spacing--30);margin-right:0;margin-bottom:0;margin-left:0\"><a id=\"wp-block-file--media-75070a58-d738-41ae-ae4b-4948d0f955f5\" href=\"http:\/\/saef.uea.edu.br\/wp-content\/uploads\/2024\/08\/Convidados.pdf\" target=\"_blank\" rel=\"noreferrer noopener\">Convidados<\/a><\/div>\n\n\n\n<div class=\"wp-block-file\" style=\"margin-top:0;margin-bottom:0\"><a id=\"wp-block-file--media-6e971d35-0167-4551-82d4-368217bf19c7\" href=\"http:\/\/saef.uea.edu.br\/wp-content\/uploads\/2024\/08\/Coordenadores-de-Exposicoes.pdf\" target=\"_blank\" rel=\"noreferrer noopener\">Coordenadores de Exposi\u00e7\u00f5es<\/a><\/div>\n\n\n\n<div class=\"wp-block-file\" style=\"margin-top:0;margin-bottom:0\"><a id=\"wp-block-file--media-0a66a10c-fc24-48ce-af87-05faf4af4651\" href=\"https:\/\/saef.uea.edu.br\/wp-content\/uploads\/2024\/08\/Equipes-das-Exposicoes.pdf\" target=\"_blank\" rel=\"noreferrer noopener\">Equipes das Exposi\u00e7\u00f5es<\/a><\/div>\n\n\n\n<div class=\"wp-block-file\" style=\"margin-top:0\"><a id=\"wp-block-file--media-87aa6132-0028-49ff-9a34-b43ef9beddf9\" href=\"http:\/\/saef.uea.edu.br\/wp-content\/uploads\/2024\/08\/Minicursos.pdf\" target=\"_blank\" rel=\"noreferrer noopener\">Minicursos<\/a><\/div>\n\n\n\n<div class=\"wp-block-file\" style=\"margin-top:0;margin-bottom:0\"><a id=\"wp-block-file--media-345cdf03-f3d1-40bf-a0ca-26661f82ce6f\" href=\"http:\/\/saef.uea.edu.br\/wp-content\/uploads\/2024\/08\/Palestras.pdf\" target=\"_blank\" rel=\"noreferrer noopener\">Palestras<\/a><\/div>\n\n\n\n<div class=\"wp-block-file\" style=\"margin-top:0;margin-bottom:0\"><a id=\"wp-block-file--media-5ba4c310-f9d1-4211-a5e6-c41da1a9cb18\" href=\"http:\/\/saef.uea.edu.br\/wp-content\/uploads\/2024\/08\/Visistas-Tecnicas.pdf\" target=\"_blank\" rel=\"noreferrer noopener\">Visistas T\u00e9cnicas<\/a><\/div>\n\n\n\n<p><\/p>\n","protected":false},"excerpt":{"rendered":"<p>Abaixo seguem os certificados das 3 \u00faltimas edi\u00e7\u00f5es do evento. Para certificados de edi\u00e7\u00f5es anteriores, entre em contato conosco clicando em Suporte. Edi\u00e7\u00e3o 2021<\/p>\n","protected":false},"author":1,"featured_media":0,"parent":0,"menu_order":0,"comment_status":"closed","ping_status":"closed","template":"","meta":{"footnotes":""},"class_list":["post-14","page","type-page","status-publish","hentry"],"_links":{"self":[{"href":"https:\/\/saef.uea.edu.br\/index.php\/wp-json\/wp\/v2\/pages\/14","targetHints":{"allow":["GET"]}}],"collection":[{"href":"https:\/\/saef.uea.edu.br\/index.php\/wp-json\/wp\/v2\/pages"}],"about":[{"href":"https:\/\/saef.uea.edu.br\/index.php\/wp-json\/wp\/v2\/types\/page"}],"author":[{"embeddable":true,"href":"https:\/\/saef.uea.edu.br\/index.php\/wp-json\/wp\/v2\/users\/1"}],"replies":[{"embeddable":true,"href":"https:\/\/saef.uea.edu.br\/index.php\/wp-json\/wp\/v2\/comments?post=14"}],"version-history":[{"count":5,"href":"https:\/\/saef.uea.edu.br\/index.php\/wp-json\/wp\/v2\/pages\/14\/revisions"}],"predecessor-version":[{"id":89,"href":"https:\/\/saef.uea.edu.br\/index.php\/wp-json\/wp\/v2\/pages\/14\/revisions\/89"}],"wp:attachment":[{"href":"https:\/\/saef.uea.edu.br\/index.php\/wp-json\/wp\/v2\/media?parent=14"}],"curies":[{"name":"wp","href":"https:\/\/api.w.org\/{rel}","templated":true}]}}