{"id":20,"date":"2024-08-21T01:19:22","date_gmt":"2024-08-21T04:19:22","guid":{"rendered":"https:\/\/saef.uea.edu.br\/?page_id=20"},"modified":"2025-03-16T01:10:19","modified_gmt":"2025-03-16T04:10:19","slug":"submissoes","status":"publish","type":"page","link":"https:\/\/saef.uea.edu.br\/index.php\/submissoes\/","title":{"rendered":"Submiss\u00f5es"},"content":{"rendered":"\n<h2 class=\"wp-block-heading has-x-large-font-size\"><strong><mark style=\"background-color:#000000\" class=\"has-inline-color has-primary-color\">ENCERRADAS<\/mark><\/strong><\/h2>\n\n\n\n<p><strong>Normas gerais<\/strong><\/p>\n\n\n\n<p style=\"margin-top:var(--wp--preset--spacing--30);margin-bottom:var(--wp--preset--spacing--30)\">N\u00famero m\u00e1ximo de autores por resumo submetido: 10<\/p>\n\n\n\n<p style=\"margin-top:var(--wp--preset--spacing--30);margin-bottom:var(--wp--preset--spacing--30)\">N\u00famero m\u00e1ximo de palavras (excetuando-se as palavras do t\u00edtulo, autores e palavras-chave): 350, incluindo-se na contagem o t\u00edtulo das se\u00e7\u00f5es do resumo (Contexto e Objetivo, Estrat\u00e9gia, Resultados, Conclus\u00e3o).<\/p>\n\n\n\n<p style=\"margin-top:var(--wp--preset--spacing--30);margin-bottom:var(--wp--preset--spacing--30)\">Prazo de submiss\u00e3o: 06\/03 a 11\/03\/2025<\/p>\n\n\n\n<p style=\"margin-top:var(--wp--preset--spacing--30);margin-bottom:var(--wp--preset--spacing--30)\">N\u00e3o h\u00e1 limites de submiss\u00f5es por autor.<\/p>\n\n\n\n<p style=\"margin-top:var(--wp--preset--spacing--30);margin-bottom:var(--wp--preset--spacing--30)\">Os resumos poder\u00e3o ser submetidos para as seguintes \u00e1reas:<\/p>\n\n\n\n<ul style=\"margin-top:var(--wp--preset--spacing--30);margin-bottom:var(--wp--preset--spacing--30)\" class=\"wp-block-list\">\n<li style=\"margin-top:0;margin-bottom:0\">Manejo Florestal e Silvicultura;<\/li>\n\n\n\n<li style=\"margin-top:0;margin-bottom:0\">Tecnologia de Produtos Florestais;<\/li>\n\n\n\n<li style=\"margin-top:0;margin-bottom:0\">Conserva\u00e7\u00e3o da Natureza;<\/li>\n\n\n\n<li style=\"margin-top:0;margin-bottom:0\">Multidisciplinar; e<\/li>\n\n\n\n<li style=\"margin-top:0;margin-bottom:0\">Atividades de Extens\u00e3o.<\/li>\n<\/ul>\n\n\n\n<p style=\"margin-top:var(--wp--preset--spacing--30);margin-bottom:var(--wp--preset--spacing--30)\">Todas as submiss\u00f5es dever\u00e3o ser enviadas para o e-mail institucional do evento <strong><mark style=\"background-color:#9DFF20\" class=\"has-inline-color has-secondary-color\">(saef@uea.edu.br)<\/mark><\/strong> pelo autor principal, informando, no t\u00edtulo do e-mail, a \u00e1rea para a qual est\u00e1 submetendo e o t\u00edtulo do resumo (ex.: Manejo Florestal e Silvicultura &#8211; An\u00e1lise da germina\u00e7\u00e3o da esp\u00e9cie x no substrato h).<\/p>\n\n\n\n<p style=\"margin-top:var(--wp--preset--spacing--30);margin-bottom:var(--wp--preset--spacing--30)\">No caso de autores que tamb\u00e9m ir\u00e3o apresentar seus trabalhos em forma de pain\u00e9is, al\u00e9m do resumo tamb\u00e9m dever\u00e1 ser enviado o banner pronto para impress\u00e3o, seguindo as orienta\u00e7\u00f5es que constam no template disponibilizado abaixo.<\/p>\n\n\n\n<p style=\"margin-top:var(--wp--preset--spacing--30);margin-bottom:var(--wp--preset--spacing--30)\">Os resumos aprovados ser\u00e3o publicado nos anais do evento, contando com ISSN e DOI da plataforma Zenodo, que tamb\u00e9m \u00e9 reconhecido pelo Curr\u00edculo Lattes, apenas necessitando ser preenchido manualmente. O DOI Zenodo j\u00e1 vem sendo utilizado por alguns peri\u00f3dicos brasileiros pela sua gratuidade e facilidade de uso.<\/p>\n\n\n\n<p style=\"margin-top:var(--wp--preset--spacing--30);margin-bottom:var(--wp--preset--spacing--30)\">A apresenta\u00e7\u00e3o dos trabalhos em forma de painel (banner) ocorrer\u00e3o no dia 18\/03\/2025 (ter\u00e7a-feira) a partir das 16h na \u00e1rea de conviv\u00eancia do CETAM de Itacoatiara.<\/p>\n\n\n\n<p style=\"margin-top:var(--wp--preset--spacing--30);margin-bottom:var(--wp--preset--spacing--30)\">Aos resumos aprovados, ser\u00e1 emitido certificado de publica\u00e7\u00e3o. Aos que, al\u00e9m do resumo, fizerem a apresenta\u00e7\u00e3o oral de banner em forma de painel, ser\u00e1 emitido certificado de apresenta\u00e7\u00e3o com carga hor\u00e1ria de 01 (uma) hora.<\/p>\n\n\n\n<p class=\"has-medium-font-size\" style=\"margin-top:var(--wp--preset--spacing--30);margin-bottom:var(--wp--preset--spacing--30)\"><strong>Para autores de institui\u00e7\u00f5es N\u00c3O SEDIADAS no munic\u00edpio de Itacoatiara\/AM<\/strong><\/p>\n\n\n\n<p style=\"margin-top:var(--wp--preset--spacing--30);margin-bottom:var(--wp--preset--spacing--30)\">Autores oriundos de institui\u00e7\u00f5es <strong>n\u00e3o sediadas<\/strong> no munic\u00edpio onde o evento ser\u00e1 realizado poder\u00e3o submeter trabalhos somente na forma de resumo simples, conforme template abaixo.<\/p>\n\n\n\n<p style=\"margin-top:var(--wp--preset--spacing--30);margin-bottom:var(--wp--preset--spacing--30)\">Para aqueles que ir\u00e3o submeter trabalhos nesta condi\u00e7\u00e3o, a organiza\u00e7\u00e3o do evento esclarece que <mark style=\"font-weight: bold; background-color: rgb(157, 255, 32);\" class=\"has-inline-color has-contrast-color\">N\u00c3O \u00c9 NECESS\u00c1RIA A INSCRI\u00c7\u00c3O NO EVENTO! BASTA ENVIAR O RESUMO PARA AVALIA\u00c7\u00c3O PELO E-MAIL INFORMADO!<\/mark><\/p>\n\n\n\n<p style=\"margin-top:var(--wp--preset--spacing--30);margin-bottom:var(--wp--preset--spacing--30)\"><strong>Para autores de institui\u00e7\u00f5es SEDIADAS no munic\u00edpio de Itacoatiara\/AM<\/strong><\/p>\n\n\n\n<p style=\"margin-top:var(--wp--preset--spacing--30);margin-bottom:var(--wp--preset--spacing--30)\">Autores oriundos de institui\u00e7\u00f5es <strong>sediadas <\/strong>no munic\u00edpio de Itacoatiara\/AM (CESIT\/UEA, ICET\/UFAM, IFAM, FAMETRO, UNIASSELVI, etc) poder\u00e3o submeter trabalhos na forma de resumo simples e dever\u00e3o participar das apresenta\u00e7\u00f5es do trabalho em forma de pain\u00e9is por meio de banner.<\/p>\n\n\n\n<p style=\"margin-top:var(--wp--preset--spacing--30);margin-bottom:var(--wp--preset--spacing--30)\">Abaixo seguem os templates do resumo e do banner.<\/p>\n\n\n\n<div class=\"wp-block-file\"><a id=\"wp-block-file--media-8245713e-2b2d-49bc-afc9-d4b28cf80b6a\" href=\"https:\/\/saef.uea.edu.br\/wp-content\/uploads\/2025\/03\/Template_resumo_simples.docx\">Template_resumo_simples<\/a><a href=\"https:\/\/saef.uea.edu.br\/wp-content\/uploads\/2025\/03\/Template_resumo_simples.docx\" class=\"wp-block-file__button wp-element-button\" download aria-describedby=\"wp-block-file--media-8245713e-2b2d-49bc-afc9-d4b28cf80b6a\">Baixar<\/a><\/div>\n\n\n\n<div class=\"wp-block-file\"><a id=\"wp-block-file--media-0bac5572-f2d3-4a06-bc50-40f036f158bd\" href=\"https:\/\/saef.uea.edu.br\/wp-content\/uploads\/2025\/03\/Template_Banner.pptx\">Template_Banner<\/a><a href=\"https:\/\/saef.uea.edu.br\/wp-content\/uploads\/2025\/03\/Template_Banner.pptx\" class=\"wp-block-file__button wp-element-button\" download aria-describedby=\"wp-block-file--media-0bac5572-f2d3-4a06-bc50-40f036f158bd\">Baixar<\/a><\/div>\n","protected":false},"excerpt":{"rendered":"<p>ENCERRADAS Normas gerais N\u00famero m\u00e1ximo de autores por resumo submetido: 10 N\u00famero m\u00e1ximo de palavras (excetuando-se as palavras do t\u00edtulo, autores e palavras-chave): 350, incluindo-se na contagem o t\u00edtulo das se\u00e7\u00f5es do resumo (Contexto e Objetivo, Estrat\u00e9gia, Resultados, Conclus\u00e3o). Prazo de submiss\u00e3o: 06\/03 a 11\/03\/2025 N\u00e3o h\u00e1 limites de submiss\u00f5es por autor. Os resumos poder\u00e3o [&hellip;]<\/p>\n","protected":false},"author":1,"featured_media":0,"parent":0,"menu_order":0,"comment_status":"closed","ping_status":"closed","template":"","meta":{"footnotes":""},"class_list":["post-20","page","type-page","status-publish","hentry"],"_links":{"self":[{"href":"https:\/\/saef.uea.edu.br\/index.php\/wp-json\/wp\/v2\/pages\/20","targetHints":{"allow":["GET"]}}],"collection":[{"href":"https:\/\/saef.uea.edu.br\/index.php\/wp-json\/wp\/v2\/pages"}],"about":[{"href":"https:\/\/saef.uea.edu.br\/index.php\/wp-json\/wp\/v2\/types\/page"}],"author":[{"embeddable":true,"href":"https:\/\/saef.uea.edu.br\/index.php\/wp-json\/wp\/v2\/users\/1"}],"replies":[{"embeddable":true,"href":"https:\/\/saef.uea.edu.br\/index.php\/wp-json\/wp\/v2\/comments?post=20"}],"version-history":[{"count":10,"href":"https:\/\/saef.uea.edu.br\/index.php\/wp-json\/wp\/v2\/pages\/20\/revisions"}],"predecessor-version":[{"id":177,"href":"https:\/\/saef.uea.edu.br\/index.php\/wp-json\/wp\/v2\/pages\/20\/revisions\/177"}],"wp:attachment":[{"href":"https:\/\/saef.uea.edu.br\/index.php\/wp-json\/wp\/v2\/media?parent=20"}],"curies":[{"name":"wp","href":"https:\/\/api.w.org\/{rel}","templated":true}]}}